{"id":58034,"date":"2025-09-25T09:06:27","date_gmt":"2025-09-25T09:06:27","guid":{"rendered":"https:\/\/efkar.kroppalab.com\/?page_id=58034"},"modified":"2025-10-24T08:04:36","modified_gmt":"2025-10-24T08:04:36","slug":"hakkimizda","status":"publish","type":"page","link":"https:\/\/efkar.kroppalab.com\/en\/hakkimizda\/","title":{"rendered":"Hakk\u0131m\u0131zda"},"content":{"rendered":"<div data-elementor-type=\"wp-page\" data-elementor-id=\"58034\" class=\"elementor elementor-58034\" data-elementor-post-type=\"page\">\n\t\t\t\t\t\t<section class=\"elementor-section elementor-top-section elementor-element elementor-element-a54bcea elementor-section-boxed elementor-section-height-default elementor-section-height-default sc_fly_static\" data-id=\"a54bcea\" data-element_type=\"section\">\n\t\t\t\t\t\t<div class=\"elementor-container elementor-column-gap-extended\">\n\t\t\t\t\t<div class=\"elementor-column elementor-col-100 elementor-top-column elementor-element elementor-element-f9d9df2 sc_content_align_inherit sc_layouts_column_icons_position_left sc_fly_static\" data-id=\"f9d9df2\" data-element_type=\"column\">\n\t\t\t<div class=\"elementor-widget-wrap elementor-element-populated\">\n\t\t\t\t\t\t<div class=\"elementor-element elementor-element-6c21e18 sc_fly_static elementor-widget elementor-widget-text-editor\" data-id=\"6c21e18\" data-element_type=\"widget\" data-widget_type=\"text-editor.default\">\n\t\t\t\t<div class=\"elementor-widget-container\">\n\t\t\t\t\t\t\t\t\t<p><span style=\"font-weight: 400;\">Efkar Et Entegre Tesisi, yakla\u015f\u0131k 53 y\u0131l \u00f6nce, 1963 y\u0131l\u0131nda ailenin o d\u00f6nemdeki ku\u015fa\u011f\u0131 taraf\u0131ndan kurulmu\u015ftur. \u0130zmir Kemalpa\u015fa\u2019dan ba\u015flayan ticari faaliyetlerimiz, 1970 y\u0131l\u0131nda ailenin ikinci ku\u015fa\u011f\u0131 taraf\u0131ndan devral\u0131narak \u00f6nemli bir ivme kazanm\u0131\u015ft\u0131r. Bu d\u00f6nemde markam\u0131z\u0131n bilinirli\u011fi ve kabul\u00fc geni\u015f kitlelere ula\u015fm\u0131\u015ft\u0131r.<\/span><\/p>\t\t\t\t\t\t\t\t<\/div>\n\t\t\t\t<\/div>\n\t\t\t\t<div class=\"elementor-element elementor-element-09680d9 sc_fly_static elementor-widget elementor-widget-text-editor\" data-id=\"09680d9\" data-element_type=\"widget\" data-widget_type=\"text-editor.default\">\n\t\t\t\t<div class=\"elementor-widget-container\">\n\t\t\t\t\t\t\t\t\t<p><span style=\"font-weight: 400;\">28 Mart 2001 tarihli kurulu\u015fundan bu yana temel \u00fcretim faaliyetlerimizi s\u00fcrd\u00fcr\u00fcrken, i\u015f alanlar\u0131m\u0131z\u0131 \u00e7e\u015fitlendirmi\u015f ve \u00fclkemizin en modern et i\u015fleme tesislerinden biri olan \u201cEt Entegre Tesisimizi\u201d faaliyete ge\u00e7irmi\u015f bulunmaktay\u0131z.<\/span><\/p>\t\t\t\t\t\t\t\t<\/div>\n\t\t\t\t<\/div>\n\t\t\t\t\t<\/div>\n\t\t<\/div>\n\t\t\t\t\t<\/div>\n\t\t<\/section>\n\t\t\t\t<section class=\"elementor-section elementor-top-section elementor-element elementor-element-8ea24bb elementor-section-boxed elementor-section-height-default elementor-section-height-default sc_fly_static\" data-id=\"8ea24bb\" data-element_type=\"section\">\n\t\t\t\t\t\t<div class=\"elementor-container elementor-column-gap-extended\">\n\t\t\t\t\t<div class=\"elementor-column elementor-col-66 elementor-top-column elementor-element elementor-element-63bf56b sc_content_align_inherit sc_layouts_column_icons_position_left sc_fly_static\" data-id=\"63bf56b\" data-element_type=\"column\">\n\t\t\t<div class=\"elementor-widget-wrap elementor-element-populated\">\n\t\t\t\t\t\t<div class=\"elementor-element elementor-element-4c423c6 sc_fly_static elementor-widget elementor-widget-text-editor\" data-id=\"4c423c6\" data-element_type=\"widget\" data-widget_type=\"text-editor.default\">\n\t\t\t\t<div class=\"elementor-widget-container\">\n\t\t\t\t\t\t\t\t\t<p><span style=\"font-weight: 400;\">Ailenin b\u00fcy\u00fckbabas\u0131 yola \u00e7\u0131kt\u0131\u011f\u0131nda akl\u0131nda tek bir ama\u00e7 vard\u0131: insanlara lezzetli ve sa\u011fl\u0131kl\u0131 \u00fcr\u00fcnler sunmak ve kazand\u0131\u011f\u0131 her geliri helal k\u0131lmak. Ailenin ticari hayat\u0131n\u0131n temel ta\u015f\u0131 olan bu de\u011fer, y\u0131llar boyunca yol g\u00f6stericimiz olmu\u015f ve olmaya devam etmektedir.<\/span><\/p>\t\t\t\t\t\t\t\t<\/div>\n\t\t\t\t<\/div>\n\t\t\t\t<div class=\"elementor-element elementor-element-aeac794 sc_fly_static elementor-widget elementor-widget-text-editor\" data-id=\"aeac794\" data-element_type=\"widget\" data-widget_type=\"text-editor.default\">\n\t\t\t\t<div class=\"elementor-widget-container\">\n\t\t\t\t\t\t\t\t\t<p><span style=\"font-weight: 400;\">Bug\u00fcn Efkar Et Kombinas\u0131\u2019n\u0131 kuran ve i\u015fleten \u00fc\u00e7\u00fcnc\u00fc ku\u015fak da ayn\u0131 prensiplerden hareketle, tesisin slogan\u0131n\u0131 ve temel ilkesini \u201cHelal Et, Temiz Ticaret\u201d olarak benimsemi\u015ftir.<\/span><\/p>\t\t\t\t\t\t\t\t<\/div>\n\t\t\t\t<\/div>\n\t\t\t\t<div class=\"elementor-element elementor-element-6da5c0b sc_fly_static elementor-widget elementor-widget-text-editor\" data-id=\"6da5c0b\" data-element_type=\"widget\" data-widget_type=\"text-editor.default\">\n\t\t\t\t<div class=\"elementor-widget-container\">\n\t\t\t\t\t\t\t\t\t<p><span style=\"font-weight: 400;\">Efkar Et Entegre Tesisimiz b\u00fcnyesinde kurulu\u015fundan itibaren yer alan Besi \u00c7iftli\u011fimiz, toplam 20.000 m\u00b2\u2019lik a\u00e7\u0131k alana kuruludur. \u00c7iftli\u011fimizin bulundurdu\u011fu besi kapasitesi 1.200 adet hayvan olup, uzman Ziraat M\u00fchendislerimizin belirledi\u011fi besleme programlar\u0131 do\u011frultusunda yeti\u015ftirilmektedir.<\/span><\/p>\t\t\t\t\t\t\t\t<\/div>\n\t\t\t\t<\/div>\n\t\t\t\t\t<\/div>\n\t\t<\/div>\n\t\t\t\t<div class=\"elementor-column elementor-col-33 elementor-top-column elementor-element elementor-element-2f6ecb8 sc_content_align_inherit sc_layouts_column_icons_position_left sc_fly_static\" data-id=\"2f6ecb8\" data-element_type=\"column\">\n\t\t\t<div class=\"elementor-widget-wrap elementor-element-populated\">\n\t\t\t\t\t\t<div class=\"elementor-element elementor-element-89d9adf sc_fly_static elementor-widget elementor-widget-image\" data-id=\"89d9adf\" data-element_type=\"widget\" data-widget_type=\"image.default\">\n\t\t\t\t<div class=\"elementor-widget-container\">\n\t\t\t\t\t\t\t\t\t\t\t\t\t\t\t<img fetchpriority=\"high\" decoding=\"async\" width=\"1000\" height=\"667\" src=\"https:\/\/efkar.kroppalab.com\/wp-content\/uploads\/2025\/10\/hakkimizda_1.jpeg\" class=\"attachment-large size-large wp-image-58125\" alt=\"\" srcset=\"https:\/\/efkar.kroppalab.com\/wp-content\/uploads\/2025\/10\/hakkimizda_1.jpeg 1000w, https:\/\/efkar.kroppalab.com\/wp-content\/uploads\/2025\/10\/hakkimizda_1-300x200.jpeg 300w, https:\/\/efkar.kroppalab.com\/wp-content\/uploads\/2025\/10\/hakkimizda_1-768x512.jpeg 768w, https:\/\/efkar.kroppalab.com\/wp-content\/uploads\/2025\/10\/hakkimizda_1-370x247.jpeg 370w, https:\/\/efkar.kroppalab.com\/wp-content\/uploads\/2025\/10\/hakkimizda_1-840x560.jpeg 840w, https:\/\/efkar.kroppalab.com\/wp-content\/uploads\/2025\/10\/hakkimizda_1-410x273.jpeg 410w\" sizes=\"(max-width: 1000px) 100vw, 1000px\" \/>\t\t\t\t\t\t\t\t\t\t\t\t\t\t\t<\/div>\n\t\t\t\t<\/div>\n\t\t\t\t\t<\/div>\n\t\t<\/div>\n\t\t\t\t\t<\/div>\n\t\t<\/section>\n\t\t\t\t<section class=\"elementor-section elementor-top-section elementor-element elementor-element-69635fc elementor-section-boxed elementor-section-height-default elementor-section-height-default sc_fly_static\" data-id=\"69635fc\" data-element_type=\"section\">\n\t\t\t\t\t\t<div class=\"elementor-container elementor-column-gap-extended\">\n\t\t\t\t\t<div class=\"elementor-column elementor-col-33 elementor-top-column elementor-element elementor-element-3ece7a2 sc_content_align_inherit sc_layouts_column_icons_position_left sc_fly_static\" data-id=\"3ece7a2\" data-element_type=\"column\">\n\t\t\t<div class=\"elementor-widget-wrap elementor-element-populated\">\n\t\t\t\t\t\t<div class=\"elementor-element elementor-element-1a96385 sc_fly_static elementor-widget elementor-widget-image\" data-id=\"1a96385\" data-element_type=\"widget\" data-widget_type=\"image.default\">\n\t\t\t\t<div class=\"elementor-widget-container\">\n\t\t\t\t\t\t\t\t\t\t\t\t\t\t\t<img decoding=\"async\" width=\"1000\" height=\"667\" src=\"https:\/\/efkar.kroppalab.com\/wp-content\/uploads\/2025\/10\/hakkimizda_2.jpeg\" class=\"attachment-large size-large wp-image-58126\" alt=\"\" srcset=\"https:\/\/efkar.kroppalab.com\/wp-content\/uploads\/2025\/10\/hakkimizda_2.jpeg 1000w, https:\/\/efkar.kroppalab.com\/wp-content\/uploads\/2025\/10\/hakkimizda_2-300x200.jpeg 300w, https:\/\/efkar.kroppalab.com\/wp-content\/uploads\/2025\/10\/hakkimizda_2-768x512.jpeg 768w, https:\/\/efkar.kroppalab.com\/wp-content\/uploads\/2025\/10\/hakkimizda_2-370x247.jpeg 370w, https:\/\/efkar.kroppalab.com\/wp-content\/uploads\/2025\/10\/hakkimizda_2-840x560.jpeg 840w, https:\/\/efkar.kroppalab.com\/wp-content\/uploads\/2025\/10\/hakkimizda_2-410x273.jpeg 410w\" sizes=\"(max-width: 1000px) 100vw, 1000px\" \/>\t\t\t\t\t\t\t\t\t\t\t\t\t\t\t<\/div>\n\t\t\t\t<\/div>\n\t\t\t\t\t<\/div>\n\t\t<\/div>\n\t\t\t\t<div class=\"elementor-column elementor-col-66 elementor-top-column elementor-element elementor-element-dceeec0 sc_content_align_inherit sc_layouts_column_icons_position_left sc_fly_static\" data-id=\"dceeec0\" data-element_type=\"column\">\n\t\t\t<div class=\"elementor-widget-wrap elementor-element-populated\">\n\t\t\t\t\t\t<div class=\"elementor-element elementor-element-34e478c sc_fly_static elementor-widget elementor-widget-text-editor\" data-id=\"34e478c\" data-element_type=\"widget\" data-widget_type=\"text-editor.default\">\n\t\t\t\t<div class=\"elementor-widget-container\">\n\t\t\t\t\t\t\t\t\t<p><span style=\"font-weight: 400;\">Yar\u0131m asr\u0131 a\u015fan tecr\u00fcbemizle mevcut modern et i\u015fleme tesisimize yapt\u0131\u011f\u0131m\u0131z \u00f6nemli yat\u0131r\u0131mlar sayesinde, 2026 y\u0131l\u0131 ba\u015f\u0131nda yeni g\u0131da \u00fcr\u00fcnleriyle perakende sekt\u00f6r\u00fcne g\u00fc\u00e7l\u00fc bir giri\u015f yapmay\u0131 ve geni\u015f \u00fcr\u00fcn yelpazesiyle \u00fclke ekonomisine katk\u0131da bulunmay\u0131 hedefliyoruz. Ayr\u0131ca, \u00f6n\u00fcm\u00fczdeki \u00fc\u00e7 y\u0131ll\u0131k i\u015f plan\u0131 kapsam\u0131nda ihracat hedeflerimiz de bulunmaktad\u0131r.<\/span><\/p>\t\t\t\t\t\t\t\t<\/div>\n\t\t\t\t<\/div>\n\t\t\t\t<div class=\"elementor-element elementor-element-3ff3bf3 sc_fly_static elementor-widget elementor-widget-text-editor\" data-id=\"3ff3bf3\" data-element_type=\"widget\" data-widget_type=\"text-editor.default\">\n\t\t\t\t<div class=\"elementor-widget-container\">\n\t\t\t\t\t\t\t\t\t<p><span style=\"font-weight: 400;\">S\u00fcrd\u00fcr\u00fclebilirlik ve \u00e7evre politikalar\u0131m\u0131zla da fark yaratan tesisimiz, ar\u0131tma tesisi, g\u00fcne\u015f enerji santrali ve kullan\u0131lan su kalitesindeki s\u00fcrd\u00fcr\u00fclebilirlik anlay\u0131\u015f\u0131n\u0131 i\u015f s\u00fcre\u00e7lerimize entegre ederek do\u011faya ve insana sayg\u0131l\u0131 faaliyetler y\u00fcr\u00fctmektedir.<\/span><\/p>\t\t\t\t\t\t\t\t<\/div>\n\t\t\t\t<\/div>\n\t\t\t\t<div class=\"elementor-element elementor-element-40ec3c9 sc_fly_static elementor-widget elementor-widget-text-editor\" data-id=\"40ec3c9\" data-element_type=\"widget\" data-widget_type=\"text-editor.default\">\n\t\t\t\t<div class=\"elementor-widget-container\">\n\t\t\t\t\t\t\t\t\t<p><span style=\"font-weight: 400;\">Faaliyetlerini ger\u00e7ekle\u015ftirirken kalite, i\u015f sa\u011fl\u0131\u011f\u0131 ve g\u00fcvenli\u011fi (\u0130SG), hijyen ve g\u0131da g\u00fcvenli\u011fi alanlar\u0131ndaki ulusal ve uluslararas\u0131 standartlar\u0131 titizlikle uygulayan Efkar Et Entegre Tesisi, T\u00fcrkiye\u2019de TSE Helal Belgesine sahip ender firmalardan biri olma ayr\u0131cal\u0131\u011f\u0131n\u0131 ta\u015f\u0131maktad\u0131r.<\/span><\/p>\t\t\t\t\t\t\t\t<\/div>\n\t\t\t\t<\/div>\n\t\t\t\t\t<\/div>\n\t\t<\/div>\n\t\t\t\t\t<\/div>\n\t\t<\/section>\n\t\t\t\t<section class=\"elementor-section elementor-top-section elementor-element elementor-element-e308e28 elementor-section-boxed elementor-section-height-default elementor-section-height-default sc_fly_static\" data-id=\"e308e28\" data-element_type=\"section\">\n\t\t\t\t\t\t<div class=\"elementor-container elementor-column-gap-extended\">\n\t\t\t\t\t<div class=\"elementor-column elementor-col-100 elementor-top-column elementor-element elementor-element-9b4a268 sc_content_align_inherit sc_layouts_column_icons_position_left sc_fly_static\" data-id=\"9b4a268\" data-element_type=\"column\">\n\t\t\t<div class=\"elementor-widget-wrap\">\n\t\t\t\t\t\t\t<\/div>\n\t\t<\/div>\n\t\t\t\t\t<\/div>\n\t\t<\/section>\n\t\t\t\t<\/div>","protected":false},"excerpt":{"rendered":"<p>Efkar Et Entegre Tesisi, yakla\u015f\u0131k 53 y\u0131l \u00f6nce, 1963 y\u0131l\u0131nda ailenin o d\u00f6nemdeki ku\u015fa\u011f\u0131 taraf\u0131ndan kurulmu\u015ftur. \u0130zmir Kemalpa\u015fa\u2019dan ba\u015flayan ticari faaliyetlerimiz, 1970 y\u0131l\u0131nda ailenin ikinci ku\u015fa\u011f\u0131 taraf\u0131ndan devral\u0131narak \u00f6nemli bir&hellip;<\/p>","protected":false},"author":1,"featured_media":58089,"parent":0,"menu_order":0,"comment_status":"closed","ping_status":"closed","template":"","meta":{"footnotes":""},"class_list":["post-58034","page","type-page","status-publish","has-post-thumbnail","hentry"],"_links":{"self":[{"href":"https:\/\/efkar.kroppalab.com\/en\/wp-json\/wp\/v2\/pages\/58034","targetHints":{"allow":["GET"]}}],"collection":[{"href":"https:\/\/efkar.kroppalab.com\/en\/wp-json\/wp\/v2\/pages"}],"about":[{"href":"https:\/\/efkar.kroppalab.com\/en\/wp-json\/wp\/v2\/types\/page"}],"author":[{"embeddable":true,"href":"https:\/\/efkar.kroppalab.com\/en\/wp-json\/wp\/v2\/users\/1"}],"replies":[{"embeddable":true,"href":"https:\/\/efkar.kroppalab.com\/en\/wp-json\/wp\/v2\/comments?post=58034"}],"version-history":[{"count":16,"href":"https:\/\/efkar.kroppalab.com\/en\/wp-json\/wp\/v2\/pages\/58034\/revisions"}],"predecessor-version":[{"id":58186,"href":"https:\/\/efkar.kroppalab.com\/en\/wp-json\/wp\/v2\/pages\/58034\/revisions\/58186"}],"wp:featuredmedia":[{"embeddable":true,"href":"https:\/\/efkar.kroppalab.com\/en\/wp-json\/wp\/v2\/media\/58089"}],"wp:attachment":[{"href":"https:\/\/efkar.kroppalab.com\/en\/wp-json\/wp\/v2\/media?parent=58034"}],"curies":[{"name":"wp","href":"https:\/\/api.w.org\/{rel}","templated":true}]}}