{"id":57960,"date":"2025-09-18T11:21:44","date_gmt":"2025-09-18T11:21:44","guid":{"rendered":"https:\/\/efkar.kroppalab.com\/?page_id=57960"},"modified":"2025-11-11T10:37:32","modified_gmt":"2025-11-11T10:37:32","slug":"egitim-ve-gelisim-yonetimi","status":"publish","type":"page","link":"https:\/\/efkar.kroppalab.com\/en\/egitim-ve-gelisim-yonetimi\/","title":{"rendered":"E\u011fitim ve Geli\u015fim Y\u00f6netimi"},"content":{"rendered":"<div data-elementor-type=\"wp-page\" data-elementor-id=\"57960\" class=\"elementor elementor-57960\" data-elementor-post-type=\"page\">\n\t\t\t\t\t\t<section class=\"elementor-section elementor-top-section elementor-element elementor-element-e308e28 elementor-section-boxed elementor-section-height-default elementor-section-height-default sc_fly_static\" data-id=\"e308e28\" data-element_type=\"section\">\n\t\t\t\t\t\t<div class=\"elementor-container elementor-column-gap-extended\">\n\t\t\t\t\t<div class=\"elementor-column elementor-col-100 elementor-top-column elementor-element elementor-element-9b4a268 sc_content_align_inherit sc_layouts_column_icons_position_left sc_fly_static\" data-id=\"9b4a268\" data-element_type=\"column\">\n\t\t\t<div class=\"elementor-widget-wrap elementor-element-populated\">\n\t\t\t\t\t\t<div class=\"elementor-element elementor-element-3b851ac sc_fly_static elementor-widget elementor-widget-text-editor\" data-id=\"3b851ac\" data-element_type=\"widget\" data-widget_type=\"text-editor.default\">\n\t\t\t\t<div class=\"elementor-widget-container\">\n\t\t\t\t\t\t\t\t\t<p><span style=\"font-weight: 400;\">E\u011fitim ve Geli\u015fim Y\u00f6netimi; \u015firketimizin performans art\u0131\u015f\u0131na katk\u0131 sa\u011flamak ve \u00e7al\u0131\u015fanlar\u0131n geli\u015fim ihtiya\u00e7lar\u0131n\u0131 ortak bir platformda bulu\u015fturup tamamlamak amac\u0131 ile kariyer yolculu\u011funda \u00e7al\u0131\u015fanlar\u0131 destekler. \u00c7al\u0131\u015fanlar\u0131n geli\u015fim ihtiya\u00e7lar\u0131n\u0131 proaktif olarak belirler, tan\u0131mlar ve bu ihtiyac\u0131 kar\u015f\u0131layacak e\u011fitim tasar\u0131m\u0131n\u0131 b\u00fcnyesinde bar\u0131nd\u0131r\u0131r.<\/span><\/p><p><span style=\"font-weight: 400;\">Ailemize kat\u0131lan yeni mezun \u00e7al\u0131\u015fanlar\u0131m\u0131z, oryantasyon s\u00fcrecinin ard\u0131ndan \u015firket ve g\u00f6revlerine h\u0131zl\u0131 adapte olmalar\u0131 amac\u0131yla ba\u015flang\u0131\u00e7 e\u011fitimleri verilir. Bu e\u011fitimler; temel anlay\u0131\u015f\u0131m\u0131z\u0131 aktarman\u0131n yan\u0131 s\u0131ra \u00e7al\u0131\u015fanlar\u0131m\u0131za ihtiya\u00e7 duyduklar\u0131 bilgi\/beceri ve yetkinlikleri kazand\u0131r\u0131r.<\/span><\/p><p><span style=\"font-weight: 400;\">Zorunlu e\u011fitimlerin yan\u0131 s\u0131ra \u00e7al\u0131\u015fanlar\u0131n geli\u015fim ihtiya\u00e7lar\u0131n\u0131 kar\u015f\u0131layabilecekleri, her y\u0131l yenilenen liderlik, ki\u015fisel ve profesyonel geli\u015fim, sa\u011fl\u0131kl\u0131 ya\u015fam ve hobilere y\u00f6nelik e\u011fitimlerle istedikleri konular hakk\u0131nda bilgi kazanmalar\u0131 sa\u011flan\u0131r.<\/span><\/p>\t\t\t\t\t\t\t\t<\/div>\n\t\t\t\t<\/div>\n\t\t\t\t<div class=\"elementor-element elementor-element-8646318 sc_fly_static elementor-widget elementor-widget-image-carousel\" data-id=\"8646318\" data-element_type=\"widget\" data-settings=\"{&quot;slides_to_show&quot;:&quot;1&quot;,&quot;navigation&quot;:&quot;none&quot;,&quot;autoplay_speed&quot;:3000,&quot;effect&quot;:&quot;fade&quot;,&quot;autoplay&quot;:&quot;yes&quot;,&quot;infinite&quot;:&quot;yes&quot;,&quot;speed&quot;:500}\" data-widget_type=\"image-carousel.default\">\n\t\t\t\t<div class=\"elementor-widget-container\">\n\t\t\t\t\t\t\t<div class=\"elementor-image-carousel-wrapper swiper\" role=\"region\" aria-roledescription=\"carousel\" aria-label=\"Resim D\u00f6ng\u00fcs\u00fc\" dir=\"ltr\">\n\t\t\t<div class=\"elementor-image-carousel swiper-wrapper swiper-image-stretch\" aria-live=\"off\">\n\t\t\t\t\t\t\t\t<div class=\"swiper-slide\" role=\"group\" aria-roledescription=\"slide\" aria-label=\"1 of 3\" data-no-translation-aria-label=\"\"><figure class=\"swiper-slide-inner\"><img decoding=\"async\" class=\"swiper-slide-image\" src=\"https:\/\/efkar.kroppalab.com\/wp-content\/uploads\/2025\/10\/egitim_1.jpeg\" alt=\"Interview, shake hands, agree to work and send resume to staff. employee job application concept\" \/><\/figure><\/div><div class=\"swiper-slide\" role=\"group\" aria-roledescription=\"slide\" aria-label=\"2 of 3\" data-no-translation-aria-label=\"\"><figure class=\"swiper-slide-inner\"><img decoding=\"async\" class=\"swiper-slide-image\" src=\"https:\/\/efkar.kroppalab.com\/wp-content\/uploads\/2025\/10\/egitim_3.jpeg\" alt=\"Business presentation and public speaking. Confident young businesswoman project manager executive speak at boardroom to diverse audience present statistical financial report using digital whiteboard\" \/><\/figure><\/div><div class=\"swiper-slide\" role=\"group\" aria-roledescription=\"slide\" aria-label=\"3 of 3\" data-no-translation-aria-label=\"\"><figure class=\"swiper-slide-inner\"><img decoding=\"async\" class=\"swiper-slide-image\" src=\"https:\/\/efkar.kroppalab.com\/wp-content\/uploads\/2025\/10\/egitim_2.jpeg\" alt=\"Businessman filling out employee evaluation form online Human resource management (HR), human resource management concepts, HR, recruiting, leadership and team building\" \/><\/figure><\/div>\t\t\t<\/div>\n\t\t\t\t\t\t\t\n\t\t\t\t\t\t\t\t\t<\/div>\n\t\t\t\t\t\t<\/div>\n\t\t\t\t<\/div>\n\t\t\t\t<div class=\"elementor-element elementor-element-022072a sc_fly_static elementor-widget elementor-widget-heading\" data-id=\"022072a\" data-element_type=\"widget\" data-widget_type=\"heading.default\">\n\t\t\t\t<div class=\"elementor-widget-container\">\n\t\t\t\t\t<h5 class=\"elementor-heading-title elementor-size-default\"><b>Liderlik ve Yetkinlik Geli\u015fimi<\/b><\/h5>\t\t\t\t<\/div>\n\t\t\t\t<\/div>\n\t\t\t\t<div class=\"elementor-element elementor-element-30d4b61 sc_fly_static elementor-widget elementor-widget-text-editor\" data-id=\"30d4b61\" data-element_type=\"widget\" data-widget_type=\"text-editor.default\">\n\t\t\t\t<div class=\"elementor-widget-container\">\n\t\t\t\t\t\t\t\t\t<p><span style=\"font-weight: 400;\">Performans Y\u00f6netimi Sisteminin Amac\u0131; Efkar \u00e7al\u0131\u015fanlar\u0131n\u0131n performans\u0131n\u0131 etkin bir \u015fekilde planlamak, izlemek, y\u00f6nlendirmek, \u00f6l\u00e7mek, geli\u015ftirmek ve bireysel performans\u0131 do\u011frultusunda \u015firket performans art\u0131\u015f\u0131na hizmet etmesi temeline dayanan, ba\u015far\u0131n\u0131n somut ve \u00f6l\u00e7\u00fclebilir kriterlerle de\u011ferlendirilebilinmesini sa\u011flayan, s\u00fcrekli geri bildirim k\u00fclt\u00fcr\u00fc ile geli\u015fimi te\u015fvik eden, uzun vadeli yetenek y\u00f6netimi stratejilerine y\u00f6n vermek i\u00e7in ihtiya\u00e7lar\u0131n tespit edilmesidir.<\/span><\/p><p><span style=\"font-weight: 400;\">Sistemimiz adil ve \u015feffaf bir ileti\u015fim ortam\u0131 olu\u015fturarak \u00e7al\u0131\u015fanlar\u0131m\u0131z\u0131n y\u00fcksek performans sergilemesini sa\u011flayacak aksiyonlar\u0131 belirler, d\u00fc\u015f\u00fck performans\u0131 geli\u015ftirmek i\u00e7in gerekli olan destek gereksinimlerini ortaya koyar.<\/span><\/p><p><span style=\"font-weight: 400;\">Ki\u015fiselle\u015ftirilmi\u015f performans de\u011ferlendirme s\u00fcreci ile her bir \u00e7al\u0131\u015fan\u0131n d\u00f6nemsel olarak geli\u015fim s\u00fcreci takip edilebilir, her bir \u00e7al\u0131\u015fan \u00f6zelinde bireysel olarak performans de\u011ferlendirme sonu\u00e7lar\u0131 belirlenir, bireysel sonu\u00e7lar do\u011frudan \u00e7al\u0131\u015fanlara geli\u015fimlerine y\u00f6nelik yol haritas\u0131 olu\u015fturur.<\/span><\/p>\t\t\t\t\t\t\t\t<\/div>\n\t\t\t\t<\/div>\n\t\t\t\t\t<\/div>\n\t\t<\/div>\n\t\t\t\t\t<\/div>\n\t\t<\/section>\n\t\t\t\t<\/div>","protected":false},"excerpt":{"rendered":"<p>E\u011fitim ve Geli\u015fim Y\u00f6netimi; \u015firketimizin performans art\u0131\u015f\u0131na katk\u0131 sa\u011flamak ve \u00e7al\u0131\u015fanlar\u0131n geli\u015fim ihtiya\u00e7lar\u0131n\u0131 ortak bir platformda bulu\u015fturup tamamlamak amac\u0131 ile kariyer yolculu\u011funda \u00e7al\u0131\u015fanlar\u0131 destekler. \u00c7al\u0131\u015fanlar\u0131n geli\u015fim ihtiya\u00e7lar\u0131n\u0131 proaktif olarak belirler,&hellip;<\/p>","protected":false},"author":1,"featured_media":58088,"parent":0,"menu_order":0,"comment_status":"closed","ping_status":"closed","template":"","meta":{"footnotes":""},"class_list":["post-57960","page","type-page","status-publish","has-post-thumbnail","hentry"],"_links":{"self":[{"href":"https:\/\/efkar.kroppalab.com\/en\/wp-json\/wp\/v2\/pages\/57960","targetHints":{"allow":["GET"]}}],"collection":[{"href":"https:\/\/efkar.kroppalab.com\/en\/wp-json\/wp\/v2\/pages"}],"about":[{"href":"https:\/\/efkar.kroppalab.com\/en\/wp-json\/wp\/v2\/types\/page"}],"author":[{"embeddable":true,"href":"https:\/\/efkar.kroppalab.com\/en\/wp-json\/wp\/v2\/users\/1"}],"replies":[{"embeddable":true,"href":"https:\/\/efkar.kroppalab.com\/en\/wp-json\/wp\/v2\/comments?post=57960"}],"version-history":[{"count":19,"href":"https:\/\/efkar.kroppalab.com\/en\/wp-json\/wp\/v2\/pages\/57960\/revisions"}],"predecessor-version":[{"id":58334,"href":"https:\/\/efkar.kroppalab.com\/en\/wp-json\/wp\/v2\/pages\/57960\/revisions\/58334"}],"wp:featuredmedia":[{"embeddable":true,"href":"https:\/\/efkar.kroppalab.com\/en\/wp-json\/wp\/v2\/media\/58088"}],"wp:attachment":[{"href":"https:\/\/efkar.kroppalab.com\/en\/wp-json\/wp\/v2\/media?parent=57960"}],"curies":[{"name":"wp","href":"https:\/\/api.w.org\/{rel}","templated":true}]}}