{"id":57932,"date":"2025-09-17T08:01:06","date_gmt":"2025-09-17T08:01:06","guid":{"rendered":"https:\/\/efkar.kroppalab.com\/?page_id=57932"},"modified":"2025-10-17T07:54:31","modified_gmt":"2025-10-17T07:54:31","slug":"sertifikalar","status":"publish","type":"page","link":"https:\/\/efkar.kroppalab.com\/en\/sertifikalar\/","title":{"rendered":"Sertifikalar"},"content":{"rendered":"<div data-elementor-type=\"wp-page\" data-elementor-id=\"57932\" class=\"elementor elementor-57932\" data-elementor-post-type=\"page\">\n\t\t\t\t\t\t<section class=\"elementor-section elementor-top-section elementor-element elementor-element-eed3849 elementor-section-boxed elementor-section-height-default elementor-section-height-default sc_fly_static\" data-id=\"eed3849\" data-element_type=\"section\">\n\t\t\t\t\t\t<div class=\"elementor-container elementor-column-gap-extended\">\n\t\t\t\t\t<div class=\"elementor-column elementor-col-33 elementor-top-column elementor-element elementor-element-a4af4fc sc_content_align_inherit sc_layouts_column_icons_position_left sc_fly_static\" data-id=\"a4af4fc\" data-element_type=\"column\">\n\t\t\t<div class=\"elementor-widget-wrap elementor-element-populated\">\n\t\t\t\t\t\t<div class=\"elementor-element elementor-element-015fd76 sc_fly_static elementor-widget elementor-widget-heading\" data-id=\"015fd76\" data-element_type=\"widget\" data-widget_type=\"heading.default\">\n\t\t\t\t<div class=\"elementor-widget-container\">\n\t\t\t\t\t<h4 class=\"elementor-heading-title elementor-size-default\"><a href=\"https:\/\/efkar.kroppalab.com\/wp-content\/uploads\/2025\/09\/tse_helal_uygunluk_belgesi.pdf\" target=\"_blank\">Helal Uygunluk Belgesi<\/a><\/h4>\t\t\t\t<\/div>\n\t\t\t\t<\/div>\n\t\t\t\t<div class=\"elementor-element elementor-element-1cda623 sc_fly_static elementor-widget elementor-widget-image\" data-id=\"1cda623\" data-element_type=\"widget\" data-widget_type=\"image.default\">\n\t\t\t\t<div class=\"elementor-widget-container\">\n\t\t\t\t\t\t\t\t\t\t\t\t\t\t\t\t<a href=\"https:\/\/efkar.kroppalab.com\/wp-content\/uploads\/2025\/09\/tse_helal_uygunluk_belgesi.pdf\" target=\"_blank\">\n\t\t\t\t\t\t\t<img fetchpriority=\"high\" decoding=\"async\" width=\"718\" height=\"1024\" src=\"https:\/\/efkar.kroppalab.com\/wp-content\/uploads\/2025\/09\/helal_belgesi-718x1024.png\" class=\"attachment-large size-large wp-image-57935\" alt=\"\" srcset=\"https:\/\/efkar.kroppalab.com\/wp-content\/uploads\/2025\/09\/helal_belgesi-718x1024.png 718w, https:\/\/efkar.kroppalab.com\/wp-content\/uploads\/2025\/09\/helal_belgesi-210x300.png 210w, https:\/\/efkar.kroppalab.com\/wp-content\/uploads\/2025\/09\/helal_belgesi-768x1095.png 768w, https:\/\/efkar.kroppalab.com\/wp-content\/uploads\/2025\/09\/helal_belgesi-370x528.png 370w, https:\/\/efkar.kroppalab.com\/wp-content\/uploads\/2025\/09\/helal_belgesi-410x585.png 410w, https:\/\/efkar.kroppalab.com\/wp-content\/uploads\/2025\/09\/helal_belgesi.png 800w\" sizes=\"(max-width: 718px) 100vw, 718px\" \/>\t\t\t\t\t\t\t\t<\/a>\n\t\t\t\t\t\t\t\t\t\t\t\t\t\t\t<\/div>\n\t\t\t\t<\/div>\n\t\t\t\t\t<\/div>\n\t\t<\/div>\n\t\t\t\t<div class=\"elementor-column elementor-col-33 elementor-top-column elementor-element elementor-element-c7fedce sc_content_align_inherit sc_layouts_column_icons_position_left sc_fly_static\" data-id=\"c7fedce\" data-element_type=\"column\">\n\t\t\t<div class=\"elementor-widget-wrap elementor-element-populated\">\n\t\t\t\t\t\t<div class=\"elementor-element elementor-element-071aae7 sc_fly_static elementor-widget elementor-widget-heading\" data-id=\"071aae7\" data-element_type=\"widget\" data-widget_type=\"heading.default\">\n\t\t\t\t<div class=\"elementor-widget-container\">\n\t\t\t\t\t<h4 class=\"elementor-heading-title elementor-size-default\"><a href=\"https:\/\/efkar.kroppalab.com\/wp-content\/uploads\/2025\/10\/isletme_onay_belgesi.pdf\" target=\"_blank\">\u0130\u015fletme Onay Belgesi<\/a><\/h4>\t\t\t\t<\/div>\n\t\t\t\t<\/div>\n\t\t\t\t<div class=\"elementor-element elementor-element-f3cc7aa sc_fly_static elementor-widget elementor-widget-image\" data-id=\"f3cc7aa\" data-element_type=\"widget\" data-widget_type=\"image.default\">\n\t\t\t\t<div class=\"elementor-widget-container\">\n\t\t\t\t\t\t\t\t\t\t\t\t\t\t\t\t<a href=\"https:\/\/efkar.kroppalab.com\/wp-content\/uploads\/2025\/10\/isletme_onay_belgesi.pdf\" target=\"_blank\">\n\t\t\t\t\t\t\t<img decoding=\"async\" width=\"718\" height=\"1024\" src=\"https:\/\/efkar.kroppalab.com\/wp-content\/uploads\/2025\/10\/isletme_onay_belgesi-718x1024.jpg\" class=\"attachment-large size-large wp-image-58168\" alt=\"\" srcset=\"https:\/\/efkar.kroppalab.com\/wp-content\/uploads\/2025\/10\/isletme_onay_belgesi-718x1024.jpg 718w, https:\/\/efkar.kroppalab.com\/wp-content\/uploads\/2025\/10\/isletme_onay_belgesi-210x300.jpg 210w, https:\/\/efkar.kroppalab.com\/wp-content\/uploads\/2025\/10\/isletme_onay_belgesi-768x1095.jpg 768w, https:\/\/efkar.kroppalab.com\/wp-content\/uploads\/2025\/10\/isletme_onay_belgesi-1077x1536.jpg 1077w, https:\/\/efkar.kroppalab.com\/wp-content\/uploads\/2025\/10\/isletme_onay_belgesi-370x528.jpg 370w, https:\/\/efkar.kroppalab.com\/wp-content\/uploads\/2025\/10\/isletme_onay_belgesi-840x1198.jpg 840w, https:\/\/efkar.kroppalab.com\/wp-content\/uploads\/2025\/10\/isletme_onay_belgesi-410x585.jpg 410w, https:\/\/efkar.kroppalab.com\/wp-content\/uploads\/2025\/10\/isletme_onay_belgesi.jpg 1205w\" sizes=\"(max-width: 718px) 100vw, 718px\" \/>\t\t\t\t\t\t\t\t<\/a>\n\t\t\t\t\t\t\t\t\t\t\t\t\t\t\t<\/div>\n\t\t\t\t<\/div>\n\t\t\t\t\t<\/div>\n\t\t<\/div>\n\t\t\t\t<div class=\"elementor-column elementor-col-33 elementor-top-column elementor-element elementor-element-dd2c712 sc_content_align_inherit sc_layouts_column_icons_position_left sc_fly_static\" data-id=\"dd2c712\" data-element_type=\"column\">\n\t\t\t<div class=\"elementor-widget-wrap elementor-element-populated\">\n\t\t\t\t\t\t<div class=\"elementor-element elementor-element-770dab2 sc_fly_static elementor-widget elementor-widget-heading\" data-id=\"770dab2\" data-element_type=\"widget\" data-widget_type=\"heading.default\">\n\t\t\t\t<div class=\"elementor-widget-container\">\n\t\t\t\t\t<h4 class=\"elementor-heading-title elementor-size-default\"><a href=\"https:\/\/efkar.kroppalab.com\/wp-content\/uploads\/2025\/10\/isletme_onay_belgesi_tesis.pdf\" target=\"_blank\">\u0130\u015fletme Onay Belgesi<\/a><\/h4>\t\t\t\t<\/div>\n\t\t\t\t<\/div>\n\t\t\t\t<div class=\"elementor-element elementor-element-9547139 sc_fly_static elementor-widget elementor-widget-image\" data-id=\"9547139\" data-element_type=\"widget\" data-widget_type=\"image.default\">\n\t\t\t\t<div class=\"elementor-widget-container\">\n\t\t\t\t\t\t\t\t\t\t\t\t\t\t\t\t<a href=\"https:\/\/efkar.kroppalab.com\/wp-content\/uploads\/2025\/10\/isletme_onay_belgesi_tesis.pdf\" target=\"_blank\">\n\t\t\t\t\t\t\t<img decoding=\"async\" width=\"718\" height=\"1024\" src=\"https:\/\/efkar.kroppalab.com\/wp-content\/uploads\/2025\/10\/isletme_onay_belgesi_tesis-718x1024.jpg\" class=\"attachment-large size-large wp-image-58169\" alt=\"\" srcset=\"https:\/\/efkar.kroppalab.com\/wp-content\/uploads\/2025\/10\/isletme_onay_belgesi_tesis-718x1024.jpg 718w, https:\/\/efkar.kroppalab.com\/wp-content\/uploads\/2025\/10\/isletme_onay_belgesi_tesis-210x300.jpg 210w, https:\/\/efkar.kroppalab.com\/wp-content\/uploads\/2025\/10\/isletme_onay_belgesi_tesis-768x1095.jpg 768w, https:\/\/efkar.kroppalab.com\/wp-content\/uploads\/2025\/10\/isletme_onay_belgesi_tesis-1077x1536.jpg 1077w, https:\/\/efkar.kroppalab.com\/wp-content\/uploads\/2025\/10\/isletme_onay_belgesi_tesis-370x528.jpg 370w, https:\/\/efkar.kroppalab.com\/wp-content\/uploads\/2025\/10\/isletme_onay_belgesi_tesis-840x1198.jpg 840w, https:\/\/efkar.kroppalab.com\/wp-content\/uploads\/2025\/10\/isletme_onay_belgesi_tesis-410x585.jpg 410w, https:\/\/efkar.kroppalab.com\/wp-content\/uploads\/2025\/10\/isletme_onay_belgesi_tesis.jpg 1205w\" sizes=\"(max-width: 718px) 100vw, 718px\" \/>\t\t\t\t\t\t\t\t<\/a>\n\t\t\t\t\t\t\t\t\t\t\t\t\t\t\t<\/div>\n\t\t\t\t<\/div>\n\t\t\t\t\t<\/div>\n\t\t<\/div>\n\t\t\t\t\t<\/div>\n\t\t<\/section>\n\t\t\t\t<\/div>","protected":false},"excerpt":{"rendered":"<p>Helal Uygunluk Belgesi \u0130\u015fletme Onay Belgesi \u0130\u015fletme Onay Belgesi<\/p>","protected":false},"author":1,"featured_media":58096,"parent":0,"menu_order":0,"comment_status":"closed","ping_status":"closed","template":"","meta":{"footnotes":""},"class_list":["post-57932","page","type-page","status-publish","has-post-thumbnail","hentry"],"_links":{"self":[{"href":"https:\/\/efkar.kroppalab.com\/en\/wp-json\/wp\/v2\/pages\/57932","targetHints":{"allow":["GET"]}}],"collection":[{"href":"https:\/\/efkar.kroppalab.com\/en\/wp-json\/wp\/v2\/pages"}],"about":[{"href":"https:\/\/efkar.kroppalab.com\/en\/wp-json\/wp\/v2\/types\/page"}],"author":[{"embeddable":true,"href":"https:\/\/efkar.kroppalab.com\/en\/wp-json\/wp\/v2\/users\/1"}],"replies":[{"embeddable":true,"href":"https:\/\/efkar.kroppalab.com\/en\/wp-json\/wp\/v2\/comments?post=57932"}],"version-history":[{"count":7,"href":"https:\/\/efkar.kroppalab.com\/en\/wp-json\/wp\/v2\/pages\/57932\/revisions"}],"predecessor-version":[{"id":58175,"href":"https:\/\/efkar.kroppalab.com\/en\/wp-json\/wp\/v2\/pages\/57932\/revisions\/58175"}],"wp:featuredmedia":[{"embeddable":true,"href":"https:\/\/efkar.kroppalab.com\/en\/wp-json\/wp\/v2\/media\/58096"}],"wp:attachment":[{"href":"https:\/\/efkar.kroppalab.com\/en\/wp-json\/wp\/v2\/media?parent=57932"}],"curies":[{"name":"wp","href":"https:\/\/api.w.org\/{rel}","templated":true}]}}